{"id":1349,"date":"2020-06-11T23:20:18","date_gmt":"2020-06-11T21:20:18","guid":{"rendered":"https:\/\/gabriellehola.com\/confidentialite\/"},"modified":"2020-11-06T22:34:28","modified_gmt":"2020-11-06T21:34:28","slug":"confidentialite","status":"publish","type":"page","link":"https:\/\/gabriellehola.com\/fr\/confidentialite\/","title":{"rendered":"Confidentialit\u00e9"},"content":{"rendered":"<h2>Qui nous sommes<\/h2>\n<p>L&#8217;adresse de notre site Web est: <a href=\"https:\/\/gabriellehola.com\/fr\/\">gabriellehola.com<\/a><\/p>\n<h2>Quelles donn\u00e9es personnelles nous collectons et pourquoi nous les collectons<\/h2>\n<h3>Formulaires de contact<\/h3>\n<p>Lorsque vous nous contactez via notre <a title=\"Contact page\" href=\"https:\/\/gabriellehola.com\/fr\/contact\/\" target=\"_blank\" rel=\"noopener noreferrer\">contact form<\/a>, nous vous demandons de renseigner votre nom ainsi que votre adresse e-mail. Ces informations sont n\u00e9cessaires pour que nous puissions correspondre avec vous. Seul le propri\u00e9taire de ce site Web peut acc\u00e9der \u00e0 ces donn\u00e9es, les e-mails re\u00e7us ne sont transmis \u00e0 aucun tiers. Tous les e-mails sont trait\u00e9s en Espagne, vous pouvez nous contacter pour demander l&#8217;acc\u00e8s et \/ ou la suppression des e-mails envoy\u00e9s.<\/p>\n<h2>Biscuits<\/h2>\n<p>Si vous avez un compte et que vous vous connectez \u00e0 ce site, nous installerons un cookie temporaire pour d\u00e9terminer si votre navigateur accepte les cookies. Ce cookie ne contient aucune donn\u00e9e personnelle et est \u00e9limin\u00e9 lorsque vous fermez votre navigateur.<\/p>\n<p>Lorsque vous vous connectez, nous mettrons \u00e9galement en place plusieurs cookies pour enregistrer vos informations de connexion et vos choix d&#8217;affichage \u00e0 l&#8217;\u00e9cran. Les cookies de connexion durent deux jours et les cookies d&#8217;options d&#8217;\u00e9cran durent un an. Si vous s\u00e9lectionnez &#8220;Se souvenir de moi&#8221;, votre connexion persistera pendant deux semaines. Si vous vous d\u00e9connectez de votre compte, les cookies de connexion seront supprim\u00e9s.<\/p>\n<p>Nos prestataires de paiement, PayPal et Stripe, utilisent des cookies afin de r\u00e9pondre aux demandes de paiement:<\/p>\n<ul>\n<li><a href=\"https:\/\/www.paypal.com\/uk\/webapps\/mpp\/ua\/privacy-prev\">learn more about PayPal Privacy Policy<\/a><\/li>\n<li><a href=\"https:\/\/stripe.com\/gb\/privacy\">learn more about Stripe Privacy Policy<\/a><\/li>\n<\/ul>\n<h2>Contenu int\u00e9gr\u00e9 d&#8217;autres sites Web<\/h2>\n<p>Les articles de ce site peuvent inclure du contenu int\u00e9gr\u00e9 (par exemple des vid\u00e9os, des images, des articles, etc.). Le contenu int\u00e9gr\u00e9 d&#8217;autres sites Web se comporte exactement de la m\u00eame mani\u00e8re que si le visiteur avait visit\u00e9 l&#8217;autre site Web.<\/p>\n<p>Ces sites Web peuvent collecter des donn\u00e9es vous concernant, utiliser des cookies, int\u00e9grer un suivi tiers suppl\u00e9mentaire et surveiller votre interaction avec ce contenu int\u00e9gr\u00e9, y compris le suivi de votre interaction avec le contenu int\u00e9gr\u00e9 si vous avez un compte et \u00eates connect\u00e9 \u00e0 ce site Web.<\/p>\n<h2>Boutique<\/h2>\n<p>Nous recueillons des informations sur vous lors du processus de commande sur notre boutique.<\/p>\n<h2>Ce que nous collectons et stockons<\/h2>\n<h3>Pendant que vous visitez notre site, nous suivrons:<\/h3>\n<p>Produits que vous avez consult\u00e9s: nous les utiliserons, par exemple, pour vous montrer les produits que vous avez r\u00e9cemment consult\u00e9s<br \/>\nEmplacement, adresse IP et type de navigateur: nous les utiliserons \u00e0 des fins telles que l&#8217;estimation des taxes et des frais de livraison<br \/>\nAdresse de livraison: nous vous demanderons de la saisir afin que nous puissions, par exemple, estimer la livraison avant de passer une commande et vous envoyer la commande!<\/p>\n<p>Nous utiliserons \u00e9galement des cookies pour suivre le contenu du panier pendant que vous naviguez sur notre site.<\/p>\n<p>Lorsque vous achetez chez nous, nous vous demanderons de fournir des informations telles que votre nom, votre adresse de facturation, votre adresse de livraison, votre adresse e-mail, votre num\u00e9ro de t\u00e9l\u00e9phone, les d\u00e9tails de votre carte de cr\u00e9dit \/ paiement et des informations de compte facultatives telles que le nom d&#8217;utilisateur et le mot de passe. Nous utiliserons ces informations \u00e0 des fins telles que:<\/p>\n<ul>\n<li>Vous envoyer des informations sur votre compte et votre commande<\/li>\n<li>R\u00e9pondre \u00e0 vos demandes, y compris les remboursements et les r\u00e9clamations<\/li>\n<li>Traitez les paiements et pr\u00e9venez la fraude<\/li>\n<li>Configurez votre compte pour notre boutique<\/li>\n<li>Respectez toutes les obligations l\u00e9gales que nous avons, telles que le calcul des taxes<\/li>\n<li>Am\u00e9liorez l&#8217;offre de nos magasins<\/li>\n<\/ul>\n<p>Vous envoyer des messages marketing, si vous choisissez de les recevoir<\/p>\n<p>Si vous cr\u00e9ez un compte, nous enregistrerons votre nom, adresse, e-mail et num\u00e9ro de t\u00e9l\u00e9phone, qui seront utilis\u00e9s pour remplir la caisse pour les commandes futures.<\/p>\n<p>Nous conservons g\u00e9n\u00e9ralement les informations vous concernant aussi longtemps que nous en avons besoin aux fins pour lesquelles nous les collectons et les utilisons, et nous ne sommes pas l\u00e9galement tenus de continuer \u00e0 les conserver. Par exemple, nous conserverons les informations de commande pendant 3 ans \u00e0 des fins fiscales et comptables. Cela comprend votre nom, votre adresse e-mail et vos adresses de facturation et d&#8217;exp\u00e9dition.<\/p>\n<p>Nous stockerons \u00e9galement les commentaires ou les critiques, si vous choisissez de les laisser.<\/p>\n<h2>Qui dans notre \u00e9quipe a acc\u00e8s<\/h2>\n<p>Les membres de notre \u00e9quipe ont acc\u00e8s aux informations que vous nous fournissez. Par exemple, les administrateurs et les responsables de magasin peuvent acc\u00e9der:<\/p>\n<ul>\n<li>Informations de commande telles que ce qui a \u00e9t\u00e9 achet\u00e9, quand il a \u00e9t\u00e9 achet\u00e9 et o\u00f9 il doit \u00eatre envoy\u00e9, et<\/li>\n<li>Informations client telles que votre nom, votre adresse e-mail et vos informations de facturation et d&#8217;exp\u00e9dition.<\/li>\n<\/ul>\n<p>Les membres de notre \u00e9quipe ont acc\u00e8s \u00e0 ces informations pour vous aider \u00e0 ex\u00e9cuter les commandes, traiter les remboursements et vous assister.<\/p>\n<h2>Ce que nous partageons avec les autres<\/h2>\n<p>Nous ne partageons pas d&#8217;informations avec des tiers. Toutes les donn\u00e9es collect\u00e9es par ce site Web sont utilis\u00e9es uniquement pour ex\u00e9cuter votre commande.<\/p>\n<h3>Paiements<\/h3>\n<p>Nous acceptons les paiements via PayPal et Stripe. Lors du traitement des paiements, certaines de vos donn\u00e9es seront transmises \u00e0 PayPal et Stripe, y compris les informations requises pour traiter ou prendre en charge le paiement, telles que le total de l&#8217;achat et les informations de facturation.<\/p>\n<p>Please see the\u00a0<a href=\"https:\/\/www.paypal.com\/us\/webapps\/mpp\/ua\/privacy-full\">PayPal Privacy Policy<\/a>\u00a0and <a href=\"https:\/\/stripe.com\/gb\/privacy\">Stripe Privacy Policy<\/a> for more details.<\/p>\n<h2>Combien de temps nous conservons vos donn\u00e9es<\/h2>\n<p>Pour les utilisateurs qui s&#8217;inscrivent sur notre site Web (le cas \u00e9ch\u00e9ant), nous stockons les informations personnelles qu&#8217;ils fournissent dans leur profil d&#8217;utilisateur. Tous les utilisateurs peuvent voir, modifier ou supprimer leurs informations personnelles \u00e0 tout moment (sauf qu&#8217;ils ne peuvent pas changer leur nom d&#8217;utilisateur). Les administrateurs du site Web peuvent \u00e9galement voir et modifier ces informations.<\/p>\n<h2>Quels droits vous avez sur vos donn\u00e9es<\/h2>\n<p>Si vous avez un compte sur ce site ou avez laiss\u00e9 des commentaires, vous pouvez demander \u00e0 recevoir un fichier export\u00e9 des donn\u00e9es personnelles que nous d\u00e9tenons \u00e0 votre sujet, y compris les donn\u00e9es que vous nous avez fournies. Vous pouvez \u00e9galement demander que nous effacions toutes les donn\u00e9es personnelles que nous d\u00e9tenons \u00e0 votre sujet. Cela n&#8217;inclut pas les donn\u00e9es que nous sommes tenus de conserver \u00e0 des fins administratives, juridiques ou de s\u00e9curit\u00e9.<\/p>\n","protected":false},"excerpt":{"rendered":"<p>Qui nous sommes L&#8217;adresse de notre site Web est: gabriellehola.com Quelles donn\u00e9es personnelles nous collectons et pourquoi nous les collectons Formulaires de contact Lorsque vous nous contactez via notre contact form, nous vous demandons de renseigner votre nom ainsi que votre adresse e-mail. Ces informations sont n\u00e9cessaires pour que nous puissions correspondre avec vous. Seul [&hellip;]<\/p>\n","protected":false},"author":3,"featured_media":0,"parent":0,"menu_order":0,"comment_status":"closed","ping_status":"closed","template":"page-templates\/page_privacy.php","meta":{"footnotes":""},"acf":[],"yoast_head":"<!-- This site is optimized with the Yoast SEO plugin v21.2 - https:\/\/yoast.com\/wordpress\/plugins\/seo\/ -->\n<title>Confidentialit\u00e9 &#8211; GABRIELLE HOLA<\/title>\n<meta name=\"description\" content=\"We take your privacy seriously, learn about what data we collect, who has access to that data and how we use it.\" \/>\n<meta name=\"robots\" content=\"index, follow, max-snippet:-1, max-image-preview:large, max-video-preview:-1\" \/>\n<link rel=\"canonical\" href=\"https:\/\/gabriellehola.com\/fr\/confidentialite\/\" \/>\n<meta property=\"og:locale\" content=\"fr_FR\" \/>\n<meta property=\"og:type\" content=\"article\" \/>\n<meta property=\"og:title\" content=\"Confidentialit\u00e9 &#8211; GABRIELLE HOLA\" \/>\n<meta property=\"og:description\" content=\"We take your privacy seriously, learn about what data we collect, who has access to that data and how we use it.\" \/>\n<meta property=\"og:url\" content=\"https:\/\/gabriellehola.com\/fr\/confidentialite\/\" \/>\n<meta property=\"og:site_name\" content=\"GABRIELLE HOLA\" \/>\n<meta property=\"article:publisher\" content=\"https:\/\/www.facebook.com\/holagabrielle\/\" \/>\n<meta property=\"article:modified_time\" content=\"2020-11-06T21:34:28+00:00\" \/>\n<meta name=\"twitter:card\" content=\"summary_large_image\" \/>\n<meta name=\"twitter:label1\" content=\"Est. reading time\" \/>\n\t<meta name=\"twitter:data1\" content=\"5 minutes\" \/>\n<script type=\"application\/ld+json\" class=\"yoast-schema-graph\">{\"@context\":\"https:\/\/schema.org\",\"@graph\":[{\"@type\":\"WebPage\",\"@id\":\"https:\/\/gabriellehola.com\/fr\/confidentialite\/\",\"url\":\"https:\/\/gabriellehola.com\/fr\/confidentialite\/\",\"name\":\"Confidentialit\u00e9 &#8211; GABRIELLE HOLA\",\"isPartOf\":{\"@id\":\"https:\/\/gabriellehola.com\/fr\/#website\"},\"datePublished\":\"2020-06-11T21:20:18+00:00\",\"dateModified\":\"2020-11-06T21:34:28+00:00\",\"description\":\"We take your privacy seriously, learn about what data we collect, who has access to that data and how we use it.\",\"breadcrumb\":{\"@id\":\"https:\/\/gabriellehola.com\/fr\/confidentialite\/#breadcrumb\"},\"inLanguage\":\"fr-FR\",\"potentialAction\":[{\"@type\":\"ReadAction\",\"target\":[\"https:\/\/gabriellehola.com\/fr\/confidentialite\/\"]}]},{\"@type\":\"BreadcrumbList\",\"@id\":\"https:\/\/gabriellehola.com\/fr\/confidentialite\/#breadcrumb\",\"itemListElement\":[{\"@type\":\"ListItem\",\"position\":1,\"name\":\"Home\",\"item\":\"https:\/\/gabriellehola.com\/fr\/\"},{\"@type\":\"ListItem\",\"position\":2,\"name\":\"Confidentialit\u00e9\"}]},{\"@type\":\"WebSite\",\"@id\":\"https:\/\/gabriellehola.com\/fr\/#website\",\"url\":\"https:\/\/gabriellehola.com\/fr\/\",\"name\":\"GABRIELLE HOLA\",\"description\":\"\",\"potentialAction\":[{\"@type\":\"SearchAction\",\"target\":{\"@type\":\"EntryPoint\",\"urlTemplate\":\"https:\/\/gabriellehola.com\/fr\/?s={search_term_string}\"},\"query-input\":\"required name=search_term_string\"}],\"inLanguage\":\"fr-FR\"}]}<\/script>\n<!-- \/ Yoast SEO plugin. -->","yoast_head_json":{"title":"Confidentialit\u00e9 &#8211; GABRIELLE HOLA","description":"We take your privacy seriously, learn about what data we collect, who has access to that data and how we use it.","robots":{"index":"index","follow":"follow","max-snippet":"max-snippet:-1","max-image-preview":"max-image-preview:large","max-video-preview":"max-video-preview:-1"},"canonical":"https:\/\/gabriellehola.com\/fr\/confidentialite\/","og_locale":"fr_FR","og_type":"article","og_title":"Confidentialit\u00e9 &#8211; GABRIELLE HOLA","og_description":"We take your privacy seriously, learn about what data we collect, who has access to that data and how we use it.","og_url":"https:\/\/gabriellehola.com\/fr\/confidentialite\/","og_site_name":"GABRIELLE HOLA","article_publisher":"https:\/\/www.facebook.com\/holagabrielle\/","article_modified_time":"2020-11-06T21:34:28+00:00","twitter_card":"summary_large_image","twitter_misc":{"Est. reading time":"5 minutes"},"schema":{"@context":"https:\/\/schema.org","@graph":[{"@type":"WebPage","@id":"https:\/\/gabriellehola.com\/fr\/confidentialite\/","url":"https:\/\/gabriellehola.com\/fr\/confidentialite\/","name":"Confidentialit\u00e9 &#8211; GABRIELLE HOLA","isPartOf":{"@id":"https:\/\/gabriellehola.com\/fr\/#website"},"datePublished":"2020-06-11T21:20:18+00:00","dateModified":"2020-11-06T21:34:28+00:00","description":"We take your privacy seriously, learn about what data we collect, who has access to that data and how we use it.","breadcrumb":{"@id":"https:\/\/gabriellehola.com\/fr\/confidentialite\/#breadcrumb"},"inLanguage":"fr-FR","potentialAction":[{"@type":"ReadAction","target":["https:\/\/gabriellehola.com\/fr\/confidentialite\/"]}]},{"@type":"BreadcrumbList","@id":"https:\/\/gabriellehola.com\/fr\/confidentialite\/#breadcrumb","itemListElement":[{"@type":"ListItem","position":1,"name":"Home","item":"https:\/\/gabriellehola.com\/fr\/"},{"@type":"ListItem","position":2,"name":"Confidentialit\u00e9"}]},{"@type":"WebSite","@id":"https:\/\/gabriellehola.com\/fr\/#website","url":"https:\/\/gabriellehola.com\/fr\/","name":"GABRIELLE HOLA","description":"","potentialAction":[{"@type":"SearchAction","target":{"@type":"EntryPoint","urlTemplate":"https:\/\/gabriellehola.com\/fr\/?s={search_term_string}"},"query-input":"required name=search_term_string"}],"inLanguage":"fr-FR"}]}},"_links":{"self":[{"href":"https:\/\/gabriellehola.com\/fr\/wp-json\/wp\/v2\/pages\/1349"}],"collection":[{"href":"https:\/\/gabriellehola.com\/fr\/wp-json\/wp\/v2\/pages"}],"about":[{"href":"https:\/\/gabriellehola.com\/fr\/wp-json\/wp\/v2\/types\/page"}],"author":[{"embeddable":true,"href":"https:\/\/gabriellehola.com\/fr\/wp-json\/wp\/v2\/users\/3"}],"replies":[{"embeddable":true,"href":"https:\/\/gabriellehola.com\/fr\/wp-json\/wp\/v2\/comments?post=1349"}],"version-history":[{"count":4,"href":"https:\/\/gabriellehola.com\/fr\/wp-json\/wp\/v2\/pages\/1349\/revisions"}],"predecessor-version":[{"id":2036,"href":"https:\/\/gabriellehola.com\/fr\/wp-json\/wp\/v2\/pages\/1349\/revisions\/2036"}],"wp:attachment":[{"href":"https:\/\/gabriellehola.com\/fr\/wp-json\/wp\/v2\/media?parent=1349"}],"curies":[{"name":"wp","href":"https:\/\/api.w.org\/{rel}","templated":true}]}}