{"id":1305,"date":"2020-06-11T19:18:38","date_gmt":"2020-06-11T17:18:38","guid":{"rendered":"https:\/\/gabriellehola.com\/?page_id=1305"},"modified":"2025-07-01T23:12:28","modified_gmt":"2025-07-01T21:12:28","slug":"contact","status":"publish","type":"page","link":"https:\/\/gabriellehola.com\/fr\/contact\/","title":{"rendered":"Contact"},"content":{"rendered":"<p>Si vous avez des questions sur un produit ou service, souhaitez collaborer ou demander un devis, vous pouvez remplir le formulaire qui suit ou \u00e9crire \u00e0 cette adresse : contact@gabriellehola.com<\/p>\n<div class=\"wpforms-container wpforms-container-full\" id=\"wpforms-1325\"><form id=\"wpforms-form-1325\" class=\"wpforms-validate wpforms-form\" data-formid=\"1325\" method=\"post\" enctype=\"multipart\/form-data\" action=\"\/fr\/wp-json\/wp\/v2\/pages\/1305\" data-token=\"7e3fe0813d6e83116e3c260bebeaa7f0\" data-token-time=\"1777538749\"><noscript class=\"wpforms-error-noscript\">Please enable JavaScript in your browser to complete this form.<\/noscript><div class=\"wpforms-field-container\"><div id=\"wpforms-1325-field_3-container\" class=\"wpforms-field wpforms-field-name fl-wrap fl-wrap-input\" data-field-id=\"3\"><label class=\"wpforms-field-label\" for=\"wpforms-1325-field_3\">Nom <span class=\"wpforms-required-label\">*<\/span><\/label><input type=\"text\" id=\"wpforms-1325-field_3\" class=\"wpforms-field-medium wpforms-field-required\" name=\"wpforms[fields][3]\" required><\/div><div id=\"wpforms-1325-field_1-container\" class=\"wpforms-field wpforms-field-email\" data-field-id=\"1\"><label class=\"wpforms-field-label\" for=\"wpforms-1325-field_1\">Email <span class=\"wpforms-required-label\">*<\/span><\/label><input type=\"email\" id=\"wpforms-1325-field_1\" class=\"wpforms-field-medium wpforms-field-required\" name=\"wpforms[fields][1]\" spellcheck=\"false\" required><\/div><div id=\"wpforms-1325-field_4-container\" class=\"wpforms-field wpforms-field-text\" data-field-id=\"4\"><label class=\"wpforms-field-label\" for=\"wpforms-1325-field_4\">Objet<\/label><input type=\"text\" id=\"wpforms-1325-field_4\" class=\"wpforms-field-medium\" name=\"wpforms[fields][4]\" ><\/div><div id=\"wpforms-1325-field_2-container\" class=\"wpforms-field wpforms-field-textarea\" data-field-id=\"2\"><label class=\"wpforms-field-label\" for=\"wpforms-1325-field_2\">Message <span class=\"wpforms-required-label\">*<\/span><\/label><textarea id=\"wpforms-1325-field_2\" class=\"wpforms-field-medium wpforms-field-required\" name=\"wpforms[fields][2]\" required><\/textarea><\/div><\/div><!-- .wpforms-field-container --><div class=\"wpforms-field wpforms-field-hp\"><label for=\"wpforms-1325-field-hp\" class=\"wpforms-field-label\">Message<\/label><input type=\"text\" name=\"wpforms[hp]\" id=\"wpforms-1325-field-hp\" class=\"wpforms-field-medium\"><\/div><div class=\"wpforms-recaptcha-container wpforms-is-recaptcha wpforms-is-recaptcha-type-v3\" ><input type=\"hidden\" name=\"wpforms[recaptcha]\" value=\"\"><\/div><div class=\"wpforms-submit-container\" ><input type=\"hidden\" name=\"wpforms[id]\" value=\"1325\"><input type=\"hidden\" name=\"page_title\" value=\"\"><input type=\"hidden\" name=\"page_url\" value=\"https:\/\/gabriellehola.com\/fr\/wp-json\/wp\/v2\/pages\/1305\"><button type=\"submit\" name=\"wpforms[submit]\" id=\"wpforms-submit-1325\" class=\"wpforms-submit\" data-alt-text=\"En cours d&#039;envoi...\" data-submit-text=\"Envoyer\" aria-live=\"assertive\" value=\"wpforms-submit\">Envoyer<\/button><\/div><\/form><\/div>  <!-- .wpforms-container -->\n","protected":false},"excerpt":{"rendered":"<p>Si vous avez des questions sur un produit ou service, souhaitez collaborer ou demander un devis, vous pouvez remplir le formulaire qui suit ou \u00e9crire \u00e0 cette adresse : contact@gabriellehola.com<\/p>\n","protected":false},"author":3,"featured_media":0,"parent":0,"menu_order":0,"comment_status":"closed","ping_status":"open","template":"page-templates\/page_contact.php","meta":{"footnotes":""},"acf":[],"yoast_head":"<!-- This site is optimized with the Yoast SEO plugin v21.2 - https:\/\/yoast.com\/wordpress\/plugins\/seo\/ -->\n<title>Contact &#8211; GABRIELLE HOLA studio de cr\u00e9ation bas\u00e9 \u00e0 Barcelone<\/title>\n<meta name=\"description\" content=\"Tous nos produits sont fabriqu\u00e9s \u00e0 la main dans notre atelier \u00e0 Barcelone. Vous pouvez nous contacter par email contact@gabriellehola.com\" \/>\n<meta name=\"robots\" content=\"index, follow, max-snippet:-1, max-image-preview:large, max-video-preview:-1\" \/>\n<link rel=\"canonical\" href=\"https:\/\/gabriellehola.com\/fr\/contact\/\" \/>\n<meta property=\"og:locale\" content=\"fr_FR\" \/>\n<meta property=\"og:type\" content=\"article\" \/>\n<meta property=\"og:title\" content=\"Contact &#8211; GABRIELLE HOLA studio de cr\u00e9ation bas\u00e9 \u00e0 Barcelone\" \/>\n<meta property=\"og:description\" content=\"Tous nos produits sont fabriqu\u00e9s \u00e0 la main dans notre atelier \u00e0 Barcelone. Vous pouvez nous contacter par email contact@gabriellehola.com\" \/>\n<meta property=\"og:url\" content=\"https:\/\/gabriellehola.com\/fr\/contact\/\" \/>\n<meta property=\"og:site_name\" content=\"GABRIELLE HOLA\" \/>\n<meta property=\"article:publisher\" content=\"https:\/\/www.facebook.com\/holagabrielle\/\" \/>\n<meta property=\"article:modified_time\" content=\"2025-07-01T21:12:28+00:00\" \/>\n<meta name=\"twitter:card\" content=\"summary_large_image\" \/>\n<script type=\"application\/ld+json\" class=\"yoast-schema-graph\">{\"@context\":\"https:\/\/schema.org\",\"@graph\":[{\"@type\":\"WebPage\",\"@id\":\"https:\/\/gabriellehola.com\/fr\/contact\/\",\"url\":\"https:\/\/gabriellehola.com\/fr\/contact\/\",\"name\":\"Contact &#8211; GABRIELLE HOLA studio de cr\u00e9ation bas\u00e9 \u00e0 Barcelone\",\"isPartOf\":{\"@id\":\"https:\/\/gabriellehola.com\/fr\/#website\"},\"datePublished\":\"2020-06-11T17:18:38+00:00\",\"dateModified\":\"2025-07-01T21:12:28+00:00\",\"description\":\"Tous nos produits sont fabriqu\u00e9s \u00e0 la main dans notre atelier \u00e0 Barcelone. Vous pouvez nous contacter par email contact@gabriellehola.com\",\"breadcrumb\":{\"@id\":\"https:\/\/gabriellehola.com\/fr\/contact\/#breadcrumb\"},\"inLanguage\":\"fr-FR\",\"potentialAction\":[{\"@type\":\"ReadAction\",\"target\":[\"https:\/\/gabriellehola.com\/fr\/contact\/\"]}]},{\"@type\":\"BreadcrumbList\",\"@id\":\"https:\/\/gabriellehola.com\/fr\/contact\/#breadcrumb\",\"itemListElement\":[{\"@type\":\"ListItem\",\"position\":1,\"name\":\"Home\",\"item\":\"https:\/\/gabriellehola.com\/fr\/\"},{\"@type\":\"ListItem\",\"position\":2,\"name\":\"Contact\"}]},{\"@type\":\"WebSite\",\"@id\":\"https:\/\/gabriellehola.com\/fr\/#website\",\"url\":\"https:\/\/gabriellehola.com\/fr\/\",\"name\":\"GABRIELLE HOLA\",\"description\":\"\",\"potentialAction\":[{\"@type\":\"SearchAction\",\"target\":{\"@type\":\"EntryPoint\",\"urlTemplate\":\"https:\/\/gabriellehola.com\/fr\/?s={search_term_string}\"},\"query-input\":\"required name=search_term_string\"}],\"inLanguage\":\"fr-FR\"}]}<\/script>\n<!-- \/ Yoast SEO plugin. -->","yoast_head_json":{"title":"Contact &#8211; GABRIELLE HOLA studio de cr\u00e9ation bas\u00e9 \u00e0 Barcelone","description":"Tous nos produits sont fabriqu\u00e9s \u00e0 la main dans notre atelier \u00e0 Barcelone. Vous pouvez nous contacter par email contact@gabriellehola.com","robots":{"index":"index","follow":"follow","max-snippet":"max-snippet:-1","max-image-preview":"max-image-preview:large","max-video-preview":"max-video-preview:-1"},"canonical":"https:\/\/gabriellehola.com\/fr\/contact\/","og_locale":"fr_FR","og_type":"article","og_title":"Contact &#8211; GABRIELLE HOLA studio de cr\u00e9ation bas\u00e9 \u00e0 Barcelone","og_description":"Tous nos produits sont fabriqu\u00e9s \u00e0 la main dans notre atelier \u00e0 Barcelone. Vous pouvez nous contacter par email contact@gabriellehola.com","og_url":"https:\/\/gabriellehola.com\/fr\/contact\/","og_site_name":"GABRIELLE HOLA","article_publisher":"https:\/\/www.facebook.com\/holagabrielle\/","article_modified_time":"2025-07-01T21:12:28+00:00","twitter_card":"summary_large_image","schema":{"@context":"https:\/\/schema.org","@graph":[{"@type":"WebPage","@id":"https:\/\/gabriellehola.com\/fr\/contact\/","url":"https:\/\/gabriellehola.com\/fr\/contact\/","name":"Contact &#8211; GABRIELLE HOLA studio de cr\u00e9ation bas\u00e9 \u00e0 Barcelone","isPartOf":{"@id":"https:\/\/gabriellehola.com\/fr\/#website"},"datePublished":"2020-06-11T17:18:38+00:00","dateModified":"2025-07-01T21:12:28+00:00","description":"Tous nos produits sont fabriqu\u00e9s \u00e0 la main dans notre atelier \u00e0 Barcelone. Vous pouvez nous contacter par email contact@gabriellehola.com","breadcrumb":{"@id":"https:\/\/gabriellehola.com\/fr\/contact\/#breadcrumb"},"inLanguage":"fr-FR","potentialAction":[{"@type":"ReadAction","target":["https:\/\/gabriellehola.com\/fr\/contact\/"]}]},{"@type":"BreadcrumbList","@id":"https:\/\/gabriellehola.com\/fr\/contact\/#breadcrumb","itemListElement":[{"@type":"ListItem","position":1,"name":"Home","item":"https:\/\/gabriellehola.com\/fr\/"},{"@type":"ListItem","position":2,"name":"Contact"}]},{"@type":"WebSite","@id":"https:\/\/gabriellehola.com\/fr\/#website","url":"https:\/\/gabriellehola.com\/fr\/","name":"GABRIELLE HOLA","description":"","potentialAction":[{"@type":"SearchAction","target":{"@type":"EntryPoint","urlTemplate":"https:\/\/gabriellehola.com\/fr\/?s={search_term_string}"},"query-input":"required name=search_term_string"}],"inLanguage":"fr-FR"}]}},"_links":{"self":[{"href":"https:\/\/gabriellehola.com\/fr\/wp-json\/wp\/v2\/pages\/1305"}],"collection":[{"href":"https:\/\/gabriellehola.com\/fr\/wp-json\/wp\/v2\/pages"}],"about":[{"href":"https:\/\/gabriellehola.com\/fr\/wp-json\/wp\/v2\/types\/page"}],"author":[{"embeddable":true,"href":"https:\/\/gabriellehola.com\/fr\/wp-json\/wp\/v2\/users\/3"}],"replies":[{"embeddable":true,"href":"https:\/\/gabriellehola.com\/fr\/wp-json\/wp\/v2\/comments?post=1305"}],"version-history":[{"count":6,"href":"https:\/\/gabriellehola.com\/fr\/wp-json\/wp\/v2\/pages\/1305\/revisions"}],"predecessor-version":[{"id":2775,"href":"https:\/\/gabriellehola.com\/fr\/wp-json\/wp\/v2\/pages\/1305\/revisions\/2775"}],"wp:attachment":[{"href":"https:\/\/gabriellehola.com\/fr\/wp-json\/wp\/v2\/media?parent=1305"}],"curies":[{"name":"wp","href":"https:\/\/api.w.org\/{rel}","templated":true}]}}