{"id":1280,"date":"2020-06-11T09:56:25","date_gmt":"2020-06-11T07:56:25","guid":{"rendered":"https:\/\/gabriellehola.com\/?page_id=1280"},"modified":"2025-09-02T13:44:02","modified_gmt":"2025-09-02T11:44:02","slug":"accueil","status":"publish","type":"page","link":"https:\/\/gabriellehola.com\/fr\/","title":{"rendered":"Accueil"},"content":{"rendered":"<p>\n  <a href=\"https:\/\/gabriellehola.com\/fr\/a-propos\/\" style=\"font-size: inherit; text-decoration: underline; font-weight: normal;\">Gabrielle Hola<\/a> est une artiste et designer multidisciplinaire install\u00e9e \u00e0 Barcelone. Elle con\u00e7oit des <a href=\"https:\/\/gabriellehola.com\/fr\/categorie-produit\/mobilier\/\" style=\"font-size: inherit; font-weight: normal; text-decoration: underline;\">meubles<\/a>, des <a href=\"https:\/\/gabriellehola.com\/fr\/categorie-produit\/decoration\/\" style=\"font-size: inherit; font-weight: normal; text-decoration: underline;\">objets<\/a> d\u00e9coratifs color\u00e9s et des <a href=\"https:\/\/gabriellehola.com\/fr\/categorie-produit\/posters\/\" style=\"font-size: inherit; font-weight: normal; text-decoration: underline;\">affiches<\/a>.<br \/>\n  Cofondatrice de <a href=\"http:\/\/tomatestudio.com\" style=\"font-size: inherit; font-weight: normal; text-decoration: underline;\">Tomate<\/a>, un studio de design et un espace cr\u00e9atif partag\u00e9.<\/p>\n","protected":false},"excerpt":{"rendered":"<p>Gabrielle Hola est une artiste et designer multidisciplinaire install\u00e9e \u00e0 Barcelone. Elle con\u00e7oit des meubles, des objets d\u00e9coratifs color\u00e9s et des affiches. Cofondatrice de Tomate, un studio de design et un espace cr\u00e9atif partag\u00e9.<\/p>\n","protected":false},"author":3,"featured_media":2777,"parent":1269,"menu_order":0,"comment_status":"closed","ping_status":"closed","template":"page-templates\/page_home.php","meta":{"footnotes":""},"acf":[],"yoast_head":"<!-- This site is optimized with the Yoast SEO plugin v21.2 - https:\/\/yoast.com\/wordpress\/plugins\/seo\/ -->\n<title>Gabrielle Hola Studio &#8211; Design de mobilier et d\u00e9coration<\/title>\n<meta name=\"description\" content=\"Gabrielle Hola Studio &#8211; Design de mobilier et d\u00e9coration. Accessoires en terrazzo faits artisanalement \u00e0 Barcelone.\" \/>\n<meta name=\"robots\" content=\"index, follow, max-snippet:-1, max-image-preview:large, max-video-preview:-1\" \/>\n<link rel=\"canonical\" href=\"https:\/\/gabriellehola.com\/fr\/\" \/>\n<meta property=\"og:locale\" content=\"fr_FR\" \/>\n<meta property=\"og:type\" content=\"article\" \/>\n<meta property=\"og:title\" content=\"Gabrielle Hola Studio &#8211; Design de mobilier et d\u00e9coration\" \/>\n<meta property=\"og:description\" content=\"Gabrielle Hola Studio &#8211; Design de mobilier et d\u00e9coration. Accessoires en terrazzo faits artisanalement \u00e0 Barcelone.\" \/>\n<meta property=\"og:url\" content=\"https:\/\/gabriellehola.com\/fr\/\" \/>\n<meta property=\"og:site_name\" content=\"GABRIELLE HOLA\" \/>\n<meta property=\"article:publisher\" content=\"https:\/\/www.facebook.com\/holagabrielle\/\" \/>\n<meta property=\"article:modified_time\" content=\"2025-09-02T11:44:02+00:00\" \/>\n<meta property=\"og:image\" content=\"https:\/\/gabriellehola.com\/wp-content\/uploads\/2025\/07\/GabrielleHola_Estanteria_white.jpg\" \/>\n\t<meta property=\"og:image:width\" content=\"1984\" \/>\n\t<meta property=\"og:image:height\" content=\"1116\" \/>\n\t<meta property=\"og:image:type\" content=\"image\/jpeg\" \/>\n<meta name=\"twitter:card\" content=\"summary_large_image\" \/>\n<meta name=\"twitter:label1\" content=\"Est. reading time\" \/>\n\t<meta name=\"twitter:data1\" content=\"1 minute\" \/>\n<script type=\"application\/ld+json\" class=\"yoast-schema-graph\">{\"@context\":\"https:\/\/schema.org\",\"@graph\":[{\"@type\":\"WebPage\",\"@id\":\"https:\/\/gabriellehola.com\/fr\/\",\"url\":\"https:\/\/gabriellehola.com\/fr\/\",\"name\":\"Gabrielle Hola Studio &#8211; Design de mobilier et d\u00e9coration\",\"isPartOf\":{\"@id\":\"https:\/\/gabriellehola.com\/fr\/#website\"},\"datePublished\":\"2020-06-11T07:56:25+00:00\",\"dateModified\":\"2025-09-02T11:44:02+00:00\",\"description\":\"Gabrielle Hola Studio &#8211; Design de mobilier et d\u00e9coration. Accessoires en terrazzo faits artisanalement \u00e0 Barcelone.\",\"breadcrumb\":{\"@id\":\"https:\/\/gabriellehola.com\/fr\/#breadcrumb\"},\"inLanguage\":\"fr-FR\",\"potentialAction\":[{\"@type\":\"ReadAction\",\"target\":[\"https:\/\/gabriellehola.com\/fr\/\"]}]},{\"@type\":\"BreadcrumbList\",\"@id\":\"https:\/\/gabriellehola.com\/fr\/#breadcrumb\",\"itemListElement\":[{\"@type\":\"ListItem\",\"position\":1,\"name\":\"Home\",\"item\":\"https:\/\/gabriellehola.com\/fr\/\"},{\"@type\":\"ListItem\",\"position\":2,\"name\":\"Shop\",\"item\":\"https:\/\/gabriellehola.com\/fr\/shop\/\"},{\"@type\":\"ListItem\",\"position\":3,\"name\":\"Accueil\"}]},{\"@type\":\"WebSite\",\"@id\":\"https:\/\/gabriellehola.com\/fr\/#website\",\"url\":\"https:\/\/gabriellehola.com\/fr\/\",\"name\":\"GABRIELLE HOLA\",\"description\":\"\",\"potentialAction\":[{\"@type\":\"SearchAction\",\"target\":{\"@type\":\"EntryPoint\",\"urlTemplate\":\"https:\/\/gabriellehola.com\/fr\/?s={search_term_string}\"},\"query-input\":\"required name=search_term_string\"}],\"inLanguage\":\"fr-FR\"}]}<\/script>\n<!-- \/ Yoast SEO plugin. -->","yoast_head_json":{"title":"Gabrielle Hola Studio &#8211; Design de mobilier et d\u00e9coration","description":"Gabrielle Hola Studio &#8211; Design de mobilier et d\u00e9coration. Accessoires en terrazzo faits artisanalement \u00e0 Barcelone.","robots":{"index":"index","follow":"follow","max-snippet":"max-snippet:-1","max-image-preview":"max-image-preview:large","max-video-preview":"max-video-preview:-1"},"canonical":"https:\/\/gabriellehola.com\/fr\/","og_locale":"fr_FR","og_type":"article","og_title":"Gabrielle Hola Studio &#8211; Design de mobilier et d\u00e9coration","og_description":"Gabrielle Hola Studio &#8211; Design de mobilier et d\u00e9coration. Accessoires en terrazzo faits artisanalement \u00e0 Barcelone.","og_url":"https:\/\/gabriellehola.com\/fr\/","og_site_name":"GABRIELLE HOLA","article_publisher":"https:\/\/www.facebook.com\/holagabrielle\/","article_modified_time":"2025-09-02T11:44:02+00:00","og_image":[{"width":1984,"height":1116,"url":"https:\/\/gabriellehola.com\/wp-content\/uploads\/2025\/07\/GabrielleHola_Estanteria_white.jpg","type":"image\/jpeg"}],"twitter_card":"summary_large_image","twitter_misc":{"Est. reading time":"1 minute"},"schema":{"@context":"https:\/\/schema.org","@graph":[{"@type":"WebPage","@id":"https:\/\/gabriellehola.com\/fr\/","url":"https:\/\/gabriellehola.com\/fr\/","name":"Gabrielle Hola Studio &#8211; Design de mobilier et d\u00e9coration","isPartOf":{"@id":"https:\/\/gabriellehola.com\/fr\/#website"},"datePublished":"2020-06-11T07:56:25+00:00","dateModified":"2025-09-02T11:44:02+00:00","description":"Gabrielle Hola Studio &#8211; Design de mobilier et d\u00e9coration. Accessoires en terrazzo faits artisanalement \u00e0 Barcelone.","breadcrumb":{"@id":"https:\/\/gabriellehola.com\/fr\/#breadcrumb"},"inLanguage":"fr-FR","potentialAction":[{"@type":"ReadAction","target":["https:\/\/gabriellehola.com\/fr\/"]}]},{"@type":"BreadcrumbList","@id":"https:\/\/gabriellehola.com\/fr\/#breadcrumb","itemListElement":[{"@type":"ListItem","position":1,"name":"Home","item":"https:\/\/gabriellehola.com\/fr\/"},{"@type":"ListItem","position":2,"name":"Shop","item":"https:\/\/gabriellehola.com\/fr\/shop\/"},{"@type":"ListItem","position":3,"name":"Accueil"}]},{"@type":"WebSite","@id":"https:\/\/gabriellehola.com\/fr\/#website","url":"https:\/\/gabriellehola.com\/fr\/","name":"GABRIELLE HOLA","description":"","potentialAction":[{"@type":"SearchAction","target":{"@type":"EntryPoint","urlTemplate":"https:\/\/gabriellehola.com\/fr\/?s={search_term_string}"},"query-input":"required name=search_term_string"}],"inLanguage":"fr-FR"}]}},"_links":{"self":[{"href":"https:\/\/gabriellehola.com\/fr\/wp-json\/wp\/v2\/pages\/1280"}],"collection":[{"href":"https:\/\/gabriellehola.com\/fr\/wp-json\/wp\/v2\/pages"}],"about":[{"href":"https:\/\/gabriellehola.com\/fr\/wp-json\/wp\/v2\/types\/page"}],"author":[{"embeddable":true,"href":"https:\/\/gabriellehola.com\/fr\/wp-json\/wp\/v2\/users\/3"}],"replies":[{"embeddable":true,"href":"https:\/\/gabriellehola.com\/fr\/wp-json\/wp\/v2\/comments?post=1280"}],"version-history":[{"count":23,"href":"https:\/\/gabriellehola.com\/fr\/wp-json\/wp\/v2\/pages\/1280\/revisions"}],"predecessor-version":[{"id":2817,"href":"https:\/\/gabriellehola.com\/fr\/wp-json\/wp\/v2\/pages\/1280\/revisions\/2817"}],"up":[{"embeddable":true,"href":"https:\/\/gabriellehola.com\/fr\/wp-json\/wp\/v2\/pages\/1269"}],"wp:featuredmedia":[{"embeddable":true,"href":"https:\/\/gabriellehola.com\/fr\/wp-json\/wp\/v2\/media\/2777"}],"wp:attachment":[{"href":"https:\/\/gabriellehola.com\/fr\/wp-json\/wp\/v2\/media?parent=1280"}],"curies":[{"name":"wp","href":"https:\/\/api.w.org\/{rel}","templated":true}]}}