{"id":1273,"date":"2020-06-10T18:28:35","date_gmt":"2020-06-10T16:28:35","guid":{"rendered":"https:\/\/gabriellehola.com\/?page_id=1273"},"modified":"2025-07-01T22:15:40","modified_gmt":"2025-07-01T20:15:40","slug":"a-propos","status":"publish","type":"page","link":"https:\/\/gabriellehola.com\/fr\/a-propos\/","title":{"rendered":"\u00c0 propos"},"content":{"rendered":"<p data-start=\"63\" data-end=\"138\">Gabrielle est une artiste et designer multidisciplinaire bas\u00e9e \u00e0 Barcelone.<\/p>\n<p><img decoding=\"async\" loading=\"lazy\" class=\"alignnone size-full wp-image-2294\" src=\"https:\/\/gabriellehola.com\/wp-content\/uploads\/2021\/01\/GABBY_6.jpg\" alt=\"\" width=\"1080\" height=\"1080\" srcset=\"https:\/\/gabriellehola.com\/wp-content\/uploads\/2021\/01\/GABBY_6.jpg 1080w, https:\/\/gabriellehola.com\/wp-content\/uploads\/2021\/01\/GABBY_6-300x300.jpg 300w, https:\/\/gabriellehola.com\/wp-content\/uploads\/2021\/01\/GABBY_6-1024x1024.jpg 1024w, https:\/\/gabriellehola.com\/wp-content\/uploads\/2021\/01\/GABBY_6-150x150.jpg 150w, https:\/\/gabriellehola.com\/wp-content\/uploads\/2021\/01\/GABBY_6-768x768.jpg 768w, https:\/\/gabriellehola.com\/wp-content\/uploads\/2021\/01\/GABBY_6-500x500.jpg 500w, https:\/\/gabriellehola.com\/wp-content\/uploads\/2021\/01\/GABBY_6-900x900.jpg 900w, https:\/\/gabriellehola.com\/wp-content\/uploads\/2021\/01\/GABBY_6-100x100.jpg 100w\" sizes=\"(max-width: 1080px) 100vw, 1080px\" \/><\/p>\n<p data-start=\"140\" data-end=\"405\">Apr\u00e8s plusieurs ann\u00e9es pass\u00e9es dans des agences cr\u00e9atives \u2014 allant de studios locaux \u00e0 la cr\u00e9ation de campagnes globales pour des marques telles que Google, Coca-Cola, Netflix et LVMH \u2014 elle a recentr\u00e9 son travail sur des cr\u00e9ations plus personnelles et artisanales.<\/p>\n<p data-start=\"407\" data-end=\"642\">En 2020, elle lance son propre studio de design, explorant le mobilier et les objets d\u00e9coratifs alliant couleurs vives et lignes g\u00e9om\u00e9triques \u00e9pur\u00e9es. Ses pi\u00e8ces invitent \u00e0 vivre le quotidien \u00e0 travers un prisme ludique et expressif.<\/p>\n<p><img decoding=\"async\" loading=\"lazy\" class=\"alignnone size-full wp-image-2310\" src=\"https:\/\/gabriellehola.com\/wp-content\/uploads\/2021\/01\/GABBY_9.jpg\" alt=\"\" width=\"1080\" height=\"1080\" srcset=\"https:\/\/gabriellehola.com\/wp-content\/uploads\/2021\/01\/GABBY_9.jpg 1080w, https:\/\/gabriellehola.com\/wp-content\/uploads\/2021\/01\/GABBY_9-300x300.jpg 300w, https:\/\/gabriellehola.com\/wp-content\/uploads\/2021\/01\/GABBY_9-1024x1024.jpg 1024w, https:\/\/gabriellehola.com\/wp-content\/uploads\/2021\/01\/GABBY_9-150x150.jpg 150w, https:\/\/gabriellehola.com\/wp-content\/uploads\/2021\/01\/GABBY_9-768x768.jpg 768w, https:\/\/gabriellehola.com\/wp-content\/uploads\/2021\/01\/GABBY_9-500x500.jpg 500w, https:\/\/gabriellehola.com\/wp-content\/uploads\/2021\/01\/GABBY_9-900x900.jpg 900w, https:\/\/gabriellehola.com\/wp-content\/uploads\/2021\/01\/GABBY_9-100x100.jpg 100w\" sizes=\"(max-width: 1080px) 100vw, 1080px\" \/><\/p>\n<p class=\"p1\">En 2024, elle ouvre <a href=\"https:\/\/www.instagram.com\/espaciotomatebcn\"><span class=\"s1\">Espacio Tomate<\/span><\/a>, un espace cr\u00e9atif dynamique o\u00f9 design, art, photographie et exp\u00e9rimentation quotidienne se rencontrent.<\/p>\n<p class=\"p1\">En 2025, elle cofonde <a href=\"http:\/\/tomatestudio.com\"><span class=\"s1\">Tomate Studio<\/span><\/a>, un studio de design sp\u00e9cialis\u00e9 dans la strat\u00e9gie, le branding et l\u2019exp\u00e9rience.<\/p>\n","protected":false},"excerpt":{"rendered":"<p>Gabrielle est une artiste et designer multidisciplinaire bas\u00e9e \u00e0 Barcelone. Apr\u00e8s plusieurs ann\u00e9es pass\u00e9es dans des agences cr\u00e9atives \u2014 allant de studios locaux \u00e0 la cr\u00e9ation de campagnes globales pour des marques telles que Google, Coca-Cola, Netflix et LVMH \u2014 elle a recentr\u00e9 son travail sur des cr\u00e9ations plus personnelles et artisanales. En 2020, elle [&hellip;]<\/p>\n","protected":false},"author":3,"featured_media":2295,"parent":0,"menu_order":0,"comment_status":"closed","ping_status":"closed","template":"page-templates\/page_about.php","meta":{"footnotes":""},"acf":[],"yoast_head":"<!-- This site is optimized with the Yoast SEO plugin v21.2 - https:\/\/yoast.com\/wordpress\/plugins\/seo\/ -->\n<title>GABRIELLE HOLA &#8211; studio de cr\u00e9ation bas\u00e9 \u00e0 Barcelone<\/title>\n<meta name=\"description\" content=\"Notre travail se concentre sur la conception de meubles et d&#039;articles pour la maison. Tous nos produits sont fabriqu\u00e9s \u00e0 la main dans notre atelier \u00e0 Barcelone.\" \/>\n<meta name=\"robots\" content=\"index, follow, max-snippet:-1, max-image-preview:large, max-video-preview:-1\" \/>\n<link rel=\"canonical\" href=\"https:\/\/gabriellehola.com\/fr\/a-propos\/\" \/>\n<meta property=\"og:locale\" content=\"fr_FR\" \/>\n<meta property=\"og:type\" content=\"article\" \/>\n<meta property=\"og:title\" content=\"GABRIELLE HOLA &#8211; studio de cr\u00e9ation bas\u00e9 \u00e0 Barcelone\" \/>\n<meta property=\"og:description\" content=\"Notre travail se concentre sur la conception de meubles et d&#039;articles pour la maison. Tous nos produits sont fabriqu\u00e9s \u00e0 la main dans notre atelier \u00e0 Barcelone.\" \/>\n<meta property=\"og:url\" content=\"https:\/\/gabriellehola.com\/fr\/a-propos\/\" \/>\n<meta property=\"og:site_name\" content=\"GABRIELLE HOLA\" \/>\n<meta property=\"article:publisher\" content=\"https:\/\/www.facebook.com\/holagabrielle\/\" \/>\n<meta property=\"article:modified_time\" content=\"2025-07-01T20:15:40+00:00\" \/>\n<meta property=\"og:image\" content=\"https:\/\/gabriellehola.com\/wp-content\/uploads\/2021\/01\/GABBY_6.jpg\" \/>\n\t<meta property=\"og:image:width\" content=\"1080\" \/>\n\t<meta property=\"og:image:height\" content=\"1080\" \/>\n\t<meta property=\"og:image:type\" content=\"image\/jpeg\" \/>\n<meta name=\"twitter:card\" content=\"summary_large_image\" \/>\n<meta name=\"twitter:label1\" content=\"Est. reading time\" \/>\n\t<meta name=\"twitter:data1\" content=\"1 minute\" \/>\n<script type=\"application\/ld+json\" class=\"yoast-schema-graph\">{\"@context\":\"https:\/\/schema.org\",\"@graph\":[{\"@type\":\"WebPage\",\"@id\":\"https:\/\/gabriellehola.com\/fr\/a-propos\/\",\"url\":\"https:\/\/gabriellehola.com\/fr\/a-propos\/\",\"name\":\"GABRIELLE HOLA &#8211; studio de cr\u00e9ation bas\u00e9 \u00e0 Barcelone\",\"isPartOf\":{\"@id\":\"https:\/\/gabriellehola.com\/fr\/#website\"},\"datePublished\":\"2020-06-10T16:28:35+00:00\",\"dateModified\":\"2025-07-01T20:15:40+00:00\",\"description\":\"Notre travail se concentre sur la conception de meubles et d'articles pour la maison. Tous nos produits sont fabriqu\u00e9s \u00e0 la main dans notre atelier \u00e0 Barcelone.\",\"breadcrumb\":{\"@id\":\"https:\/\/gabriellehola.com\/fr\/a-propos\/#breadcrumb\"},\"inLanguage\":\"fr-FR\",\"potentialAction\":[{\"@type\":\"ReadAction\",\"target\":[\"https:\/\/gabriellehola.com\/fr\/a-propos\/\"]}]},{\"@type\":\"BreadcrumbList\",\"@id\":\"https:\/\/gabriellehola.com\/fr\/a-propos\/#breadcrumb\",\"itemListElement\":[{\"@type\":\"ListItem\",\"position\":1,\"name\":\"Home\",\"item\":\"https:\/\/gabriellehola.com\/fr\/\"},{\"@type\":\"ListItem\",\"position\":2,\"name\":\"\u00c0 propos\"}]},{\"@type\":\"WebSite\",\"@id\":\"https:\/\/gabriellehola.com\/fr\/#website\",\"url\":\"https:\/\/gabriellehola.com\/fr\/\",\"name\":\"GABRIELLE HOLA\",\"description\":\"\",\"potentialAction\":[{\"@type\":\"SearchAction\",\"target\":{\"@type\":\"EntryPoint\",\"urlTemplate\":\"https:\/\/gabriellehola.com\/fr\/?s={search_term_string}\"},\"query-input\":\"required name=search_term_string\"}],\"inLanguage\":\"fr-FR\"}]}<\/script>\n<!-- \/ Yoast SEO plugin. -->","yoast_head_json":{"title":"GABRIELLE HOLA &#8211; studio de cr\u00e9ation bas\u00e9 \u00e0 Barcelone","description":"Notre travail se concentre sur la conception de meubles et d'articles pour la maison. Tous nos produits sont fabriqu\u00e9s \u00e0 la main dans notre atelier \u00e0 Barcelone.","robots":{"index":"index","follow":"follow","max-snippet":"max-snippet:-1","max-image-preview":"max-image-preview:large","max-video-preview":"max-video-preview:-1"},"canonical":"https:\/\/gabriellehola.com\/fr\/a-propos\/","og_locale":"fr_FR","og_type":"article","og_title":"GABRIELLE HOLA &#8211; studio de cr\u00e9ation bas\u00e9 \u00e0 Barcelone","og_description":"Notre travail se concentre sur la conception de meubles et d'articles pour la maison. Tous nos produits sont fabriqu\u00e9s \u00e0 la main dans notre atelier \u00e0 Barcelone.","og_url":"https:\/\/gabriellehola.com\/fr\/a-propos\/","og_site_name":"GABRIELLE HOLA","article_publisher":"https:\/\/www.facebook.com\/holagabrielle\/","article_modified_time":"2025-07-01T20:15:40+00:00","og_image":[{"width":1080,"height":1080,"url":"https:\/\/gabriellehola.com\/wp-content\/uploads\/2021\/01\/GABBY_6.jpg","type":"image\/jpeg"}],"twitter_card":"summary_large_image","twitter_misc":{"Est. reading time":"1 minute"},"schema":{"@context":"https:\/\/schema.org","@graph":[{"@type":"WebPage","@id":"https:\/\/gabriellehola.com\/fr\/a-propos\/","url":"https:\/\/gabriellehola.com\/fr\/a-propos\/","name":"GABRIELLE HOLA &#8211; studio de cr\u00e9ation bas\u00e9 \u00e0 Barcelone","isPartOf":{"@id":"https:\/\/gabriellehola.com\/fr\/#website"},"datePublished":"2020-06-10T16:28:35+00:00","dateModified":"2025-07-01T20:15:40+00:00","description":"Notre travail se concentre sur la conception de meubles et d'articles pour la maison. Tous nos produits sont fabriqu\u00e9s \u00e0 la main dans notre atelier \u00e0 Barcelone.","breadcrumb":{"@id":"https:\/\/gabriellehola.com\/fr\/a-propos\/#breadcrumb"},"inLanguage":"fr-FR","potentialAction":[{"@type":"ReadAction","target":["https:\/\/gabriellehola.com\/fr\/a-propos\/"]}]},{"@type":"BreadcrumbList","@id":"https:\/\/gabriellehola.com\/fr\/a-propos\/#breadcrumb","itemListElement":[{"@type":"ListItem","position":1,"name":"Home","item":"https:\/\/gabriellehola.com\/fr\/"},{"@type":"ListItem","position":2,"name":"\u00c0 propos"}]},{"@type":"WebSite","@id":"https:\/\/gabriellehola.com\/fr\/#website","url":"https:\/\/gabriellehola.com\/fr\/","name":"GABRIELLE HOLA","description":"","potentialAction":[{"@type":"SearchAction","target":{"@type":"EntryPoint","urlTemplate":"https:\/\/gabriellehola.com\/fr\/?s={search_term_string}"},"query-input":"required name=search_term_string"}],"inLanguage":"fr-FR"}]}},"_links":{"self":[{"href":"https:\/\/gabriellehola.com\/fr\/wp-json\/wp\/v2\/pages\/1273"}],"collection":[{"href":"https:\/\/gabriellehola.com\/fr\/wp-json\/wp\/v2\/pages"}],"about":[{"href":"https:\/\/gabriellehola.com\/fr\/wp-json\/wp\/v2\/types\/page"}],"author":[{"embeddable":true,"href":"https:\/\/gabriellehola.com\/fr\/wp-json\/wp\/v2\/users\/3"}],"replies":[{"embeddable":true,"href":"https:\/\/gabriellehola.com\/fr\/wp-json\/wp\/v2\/comments?post=1273"}],"version-history":[{"count":9,"href":"https:\/\/gabriellehola.com\/fr\/wp-json\/wp\/v2\/pages\/1273\/revisions"}],"predecessor-version":[{"id":2759,"href":"https:\/\/gabriellehola.com\/fr\/wp-json\/wp\/v2\/pages\/1273\/revisions\/2759"}],"wp:featuredmedia":[{"embeddable":true,"href":"https:\/\/gabriellehola.com\/fr\/wp-json\/wp\/v2\/media\/2295"}],"wp:attachment":[{"href":"https:\/\/gabriellehola.com\/fr\/wp-json\/wp\/v2\/media?parent=1273"}],"curies":[{"name":"wp","href":"https:\/\/api.w.org\/{rel}","templated":true}]}}