{"id":1350,"date":"2020-06-11T23:20:58","date_gmt":"2020-06-11T21:20:58","guid":{"rendered":"https:\/\/gabriellehola.com\/privacidad\/"},"modified":"2020-11-06T22:39:07","modified_gmt":"2020-11-06T21:39:07","slug":"privacidad","status":"publish","type":"page","link":"https:\/\/gabriellehola.com\/es\/privacidad\/","title":{"rendered":"Privacidad"},"content":{"rendered":"<h2>Quienes somos<\/h2>\n<p>La direcci\u00f3n de nuestro sitio web es: <a href=\"https:\/\/gabriellehola.com\/es\/\" target=\"_blank\" rel=\"noopener noreferrer\">gabriellehola.com<\/a><\/p>\n<p>Qu\u00e9 datos personales recopilamos y por qu\u00e9 los recopilamos<br \/>\nFormularios de contacto<\/p>\n<p>Cuando se comunique con nosotros a trav\u00e9s de nuestro formulario de <a href=\"https:\/\/gabriellehola.com\/es\/contacto\/\" target=\"_blank\" rel=\"noopener noreferrer\">contacto<\/a>, le pedimos que ingrese su nombre y su direcci\u00f3n de correo electr\u00f3nico. Esta informaci\u00f3n es necesaria para que podamos comunicarnos con usted. Solo el propietario de este sitio web puede acceder a estos datos, los correos electr\u00f3nicos recibidos no se reenv\u00edan a ning\u00fan tercero. Todos los correos electr\u00f3nicos se procesan en Espa\u00f1a, puede contactarnos para solicitar acceso y \/ o eliminaci\u00f3n de los correos electr\u00f3nicos enviados.<\/p>\n<h2>Galletas<\/h2>\n<p>Si tiene una cuenta e inicia sesi\u00f3n en este sitio, configuraremos una cookie temporal para determinar si su navegador acepta cookies. Esta cookie no contiene datos personales y se descarta cuando cierra su navegador.<\/p>\n<p>Cuando inicie sesi\u00f3n, tambi\u00e9n configuraremos varias cookies para guardar su informaci\u00f3n de inicio de sesi\u00f3n y sus opciones de visualizaci\u00f3n de pantalla. Las cookies de inicio de sesi\u00f3n duran dos d\u00edas y las cookies de opciones de pantalla duran un a\u00f1o. Si selecciona &#8220;Recordarme&#8221;, su inicio de sesi\u00f3n persistir\u00e1 durante dos semanas. Si cierra sesi\u00f3n en su cuenta, se eliminar\u00e1n las cookies de inicio de sesi\u00f3n.<\/p>\n<p>Nuestros proveedores de pago, PayPal y Stripe, utilizan cookies para cumplir con las solicitudes de pago:<\/p>\n<ul>\n<li><a href=\"https:\/\/www.paypal.com\/uk\/webapps\/mpp\/ua\/privacy-prev\">learn more about PayPal Privacy Policy<\/a><\/li>\n<li><a href=\"https:\/\/stripe.com\/gb\/privacy\">learn more about Stripe Privacy Policy<\/a><\/li>\n<\/ul>\n<p>Contenido incrustado de otros sitios web<\/p>\n<p>Los art\u00edculos de este sitio pueden incluir contenido incrustado (por ejemplo, videos, im\u00e1genes, art\u00edculos, etc.). El contenido incrustado de otros sitios web se comporta exactamente de la misma manera que si el visitante hubiera visitado el otro sitio web.<\/p>\n<p>Estos sitios web pueden recopilar datos sobre usted, usar cookies, incrustar un seguimiento adicional de terceros y monitorear su interacci\u00f3n con ese contenido incrustado, incluido el seguimiento de su interacci\u00f3n con el contenido incrustado si tiene una cuenta y ha iniciado sesi\u00f3n en ese sitio web.<\/p>\n<h2>Tienda<\/h2>\n<p>Recopilamos informaci\u00f3n sobre usted durante el proceso de pago en nuestra tienda.<\/p>\n<h3>Que recolectamos y almacenamos<\/h3>\n<p>Mientras visita nuestro sitio, realizaremos un seguimiento de:<\/p>\n<p>Productos que ha visto: utilizaremos esto para, por ejemplo, mostrarle productos que ha visto recientemente.<br \/>\nUbicaci\u00f3n, direcci\u00f3n IP y tipo de navegador: lo usaremos para fines como estimar impuestos y env\u00edo.<br \/>\nDirecci\u00f3n de env\u00edo: le pediremos que ingrese esto para que podamos, por ejemplo, estimar el env\u00edo antes de realizar un pedido y enviarle el pedido.<\/p>\n<p>Tambi\u00e9n usaremos cookies para realizar un seguimiento del contenido del carrito mientras navega por nuestro sitio.<\/p>\n<p>Cuando nos compre, le pediremos que proporcione informaci\u00f3n que incluya su nombre, direcci\u00f3n de facturaci\u00f3n, direcci\u00f3n de env\u00edo, direcci\u00f3n de correo electr\u00f3nico, n\u00famero de tel\u00e9fono, detalles de pago \/ tarjeta de cr\u00e9dito e informaci\u00f3n de cuenta opcional como nombre de usuario y contrase\u00f1a. Usaremos esta informaci\u00f3n para fines tales como:<\/p>\n<ul>\n<li>Enviarle informaci\u00f3n sobre su cuenta y su pedido.<\/li>\n<li>Responder a sus solicitudes, incluidos reembolsos y quejas.<\/li>\n<li>Procesar pagos y prevenir fraudes<\/li>\n<li>Configura tu cuenta para nuestra tienda<\/li>\n<li>Cumplir con las obligaciones legales que tengamos, como el c\u00e1lculo de impuestos.<\/li>\n<li>Mejorar las ofertas de nuestra tienda<\/li>\n<li>Enviarle mensajes de marketing, si decide recibirlos.<\/li>\n<\/ul>\n<p>Si crea una cuenta, almacenaremos su nombre, direcci\u00f3n, correo electr\u00f3nico y n\u00famero de tel\u00e9fono, que se utilizar\u00e1n para completar el proceso de pago para pedidos futuros.<\/p>\n<p>Por lo general, almacenamos informaci\u00f3n sobre usted durante el tiempo que la necesitemos para los fines para los que la recopilamos y usamos, y no estamos legalmente obligados a seguir guard\u00e1ndola. Por ejemplo, almacenaremos la informaci\u00f3n del pedido durante 3 a\u00f1os con fines fiscales y contables. Esto incluye su nombre, direcci\u00f3n de correo electr\u00f3nico y direcciones de facturaci\u00f3n y env\u00edo.<\/p>\n<p>Tambi\u00e9n almacenaremos comentarios o rese\u00f1as, si decide dejarlos.<\/p>\n<h2>Qui\u00e9n en nuestro equipo tiene acceso<\/h2>\n<p>Los miembros de nuestro equipo tienen acceso a la informaci\u00f3n que nos proporciona. Por ejemplo, tanto los administradores como los gerentes de tienda pueden acceder a:<\/p>\n<ul>\n<li>Informaci\u00f3n del pedido, como qu\u00e9 se compr\u00f3, cu\u00e1ndo se compr\u00f3 y d\u00f3nde se debe enviar, y<\/li>\n<li>Informaci\u00f3n del cliente como su nombre, direcci\u00f3n de correo electr\u00f3nico e informaci\u00f3n de facturaci\u00f3n y env\u00edo.<\/li>\n<\/ul>\n<p>Los miembros de nuestro equipo tienen acceso a esta informaci\u00f3n para ayudar a cumplir con los pedidos, procesar reembolsos y brindarle asistencia.<\/p>\n<h3>Qu\u00e9 compartimos con los dem\u00e1s<\/h3>\n<p>No compartimos informaci\u00f3n con terceros. Todos los datos recopilados por este sitio web se utilizan \u00fanicamente como una forma de cumplir con su pedido.<\/p>\n<h2>Pagos<\/h2>\n<p>Aceptamos pagos a trav\u00e9s de PayPal y Stripe. Al procesar pagos, algunos de sus datos se pasar\u00e1n a PayPal y Stripe, incluida la informaci\u00f3n necesaria para procesar o respaldar el pago, como el total de la compra y la informaci\u00f3n de facturaci\u00f3n.<\/p>\n<p>Please see the\u00a0<a href=\"https:\/\/www.paypal.com\/us\/webapps\/mpp\/ua\/privacy-full\">PayPal Privacy Policy<\/a>\u00a0and <a href=\"https:\/\/stripe.com\/gb\/privacy\">Stripe Privacy Policy<\/a> for more details.<\/p>\n<h2>Cu\u00e1nto tiempo conservamos sus datos<\/h2>\n<p>Para los usuarios que se registran en nuestro sitio web (si corresponde), almacenamos la informaci\u00f3n personal que proporcionan en su perfil de usuario. Todos los usuarios pueden ver, editar o eliminar su informaci\u00f3n personal en cualquier momento (excepto que no pueden cambiar su nombre de usuario). Los administradores del sitio web tambi\u00e9n pueden ver y editar esa informaci\u00f3n.<\/p>\n<h2>Que derechos tienes sobre tus datos<\/h2>\n<p>Si tiene una cuenta en este sitio o ha dejado comentarios, puede solicitar recibir un archivo exportado de los datos personales que tenemos sobre usted, incluidos los datos que nos haya proporcionado. Tambi\u00e9n puede solicitar que borremos cualquier dato personal que tengamos sobre usted. Esto no incluye ning\u00fan dato que estemos obligados a conservar con fines administrativos, legales o de seguridad.<\/p>\n","protected":false},"excerpt":{"rendered":"<p>Quienes somos La direcci\u00f3n de nuestro sitio web es: gabriellehola.com Qu\u00e9 datos personales recopilamos y por qu\u00e9 los recopilamos Formularios de contacto Cuando se comunique con nosotros a trav\u00e9s de nuestro formulario de contacto, le pedimos que ingrese su nombre y su direcci\u00f3n de correo electr\u00f3nico. Esta informaci\u00f3n es necesaria para que podamos comunicarnos con [&hellip;]<\/p>\n","protected":false},"author":3,"featured_media":0,"parent":0,"menu_order":0,"comment_status":"closed","ping_status":"closed","template":"page-templates\/page_privacy.php","meta":{"footnotes":""},"acf":[],"yoast_head":"<!-- This site is optimized with the Yoast SEO plugin v21.2 - https:\/\/yoast.com\/wordpress\/plugins\/seo\/ -->\n<title>Privacidad &#8211; GABRIELLE HOLA<\/title>\n<meta name=\"description\" content=\"Nos tomamos en serio su privacidad, aprendemos qu\u00e9 datos recopilamos, qui\u00e9n tiene acceso a esos datos y c\u00f3mo los usamos.\" \/>\n<meta name=\"robots\" content=\"index, follow, max-snippet:-1, max-image-preview:large, max-video-preview:-1\" \/>\n<link rel=\"canonical\" href=\"https:\/\/gabriellehola.com\/es\/privacidad\/\" \/>\n<meta property=\"og:locale\" content=\"es_ES\" \/>\n<meta property=\"og:type\" content=\"article\" \/>\n<meta property=\"og:title\" content=\"Privacidad &#8211; GABRIELLE HOLA\" \/>\n<meta property=\"og:description\" content=\"Nos tomamos en serio su privacidad, aprendemos qu\u00e9 datos recopilamos, qui\u00e9n tiene acceso a esos datos y c\u00f3mo los usamos.\" \/>\n<meta property=\"og:url\" content=\"https:\/\/gabriellehola.com\/es\/privacidad\/\" \/>\n<meta property=\"og:site_name\" content=\"GABRIELLE HOLA\" \/>\n<meta property=\"article:publisher\" content=\"https:\/\/www.facebook.com\/holagabrielle\/\" \/>\n<meta property=\"article:modified_time\" content=\"2020-11-06T21:39:07+00:00\" \/>\n<meta name=\"twitter:card\" content=\"summary_large_image\" \/>\n<meta name=\"twitter:label1\" content=\"Est. reading time\" \/>\n\t<meta name=\"twitter:data1\" content=\"5 minutes\" \/>\n<script type=\"application\/ld+json\" class=\"yoast-schema-graph\">{\"@context\":\"https:\/\/schema.org\",\"@graph\":[{\"@type\":\"WebPage\",\"@id\":\"https:\/\/gabriellehola.com\/es\/privacidad\/\",\"url\":\"https:\/\/gabriellehola.com\/es\/privacidad\/\",\"name\":\"Privacidad &#8211; GABRIELLE HOLA\",\"isPartOf\":{\"@id\":\"https:\/\/gabriellehola.com\/es\/#website\"},\"datePublished\":\"2020-06-11T21:20:58+00:00\",\"dateModified\":\"2020-11-06T21:39:07+00:00\",\"description\":\"Nos tomamos en serio su privacidad, aprendemos qu\u00e9 datos recopilamos, qui\u00e9n tiene acceso a esos datos y c\u00f3mo los usamos.\",\"breadcrumb\":{\"@id\":\"https:\/\/gabriellehola.com\/es\/privacidad\/#breadcrumb\"},\"inLanguage\":\"es-ES\",\"potentialAction\":[{\"@type\":\"ReadAction\",\"target\":[\"https:\/\/gabriellehola.com\/es\/privacidad\/\"]}]},{\"@type\":\"BreadcrumbList\",\"@id\":\"https:\/\/gabriellehola.com\/es\/privacidad\/#breadcrumb\",\"itemListElement\":[{\"@type\":\"ListItem\",\"position\":1,\"name\":\"Home\",\"item\":\"https:\/\/gabriellehola.com\/es\/\"},{\"@type\":\"ListItem\",\"position\":2,\"name\":\"Privacidad\"}]},{\"@type\":\"WebSite\",\"@id\":\"https:\/\/gabriellehola.com\/es\/#website\",\"url\":\"https:\/\/gabriellehola.com\/es\/\",\"name\":\"GABRIELLE HOLA\",\"description\":\"\",\"potentialAction\":[{\"@type\":\"SearchAction\",\"target\":{\"@type\":\"EntryPoint\",\"urlTemplate\":\"https:\/\/gabriellehola.com\/es\/?s={search_term_string}\"},\"query-input\":\"required name=search_term_string\"}],\"inLanguage\":\"es-ES\"}]}<\/script>\n<!-- \/ Yoast SEO plugin. -->","yoast_head_json":{"title":"Privacidad &#8211; GABRIELLE HOLA","description":"Nos tomamos en serio su privacidad, aprendemos qu\u00e9 datos recopilamos, qui\u00e9n tiene acceso a esos datos y c\u00f3mo los usamos.","robots":{"index":"index","follow":"follow","max-snippet":"max-snippet:-1","max-image-preview":"max-image-preview:large","max-video-preview":"max-video-preview:-1"},"canonical":"https:\/\/gabriellehola.com\/es\/privacidad\/","og_locale":"es_ES","og_type":"article","og_title":"Privacidad &#8211; GABRIELLE HOLA","og_description":"Nos tomamos en serio su privacidad, aprendemos qu\u00e9 datos recopilamos, qui\u00e9n tiene acceso a esos datos y c\u00f3mo los usamos.","og_url":"https:\/\/gabriellehola.com\/es\/privacidad\/","og_site_name":"GABRIELLE HOLA","article_publisher":"https:\/\/www.facebook.com\/holagabrielle\/","article_modified_time":"2020-11-06T21:39:07+00:00","twitter_card":"summary_large_image","twitter_misc":{"Est. reading time":"5 minutes"},"schema":{"@context":"https:\/\/schema.org","@graph":[{"@type":"WebPage","@id":"https:\/\/gabriellehola.com\/es\/privacidad\/","url":"https:\/\/gabriellehola.com\/es\/privacidad\/","name":"Privacidad &#8211; GABRIELLE HOLA","isPartOf":{"@id":"https:\/\/gabriellehola.com\/es\/#website"},"datePublished":"2020-06-11T21:20:58+00:00","dateModified":"2020-11-06T21:39:07+00:00","description":"Nos tomamos en serio su privacidad, aprendemos qu\u00e9 datos recopilamos, qui\u00e9n tiene acceso a esos datos y c\u00f3mo los usamos.","breadcrumb":{"@id":"https:\/\/gabriellehola.com\/es\/privacidad\/#breadcrumb"},"inLanguage":"es-ES","potentialAction":[{"@type":"ReadAction","target":["https:\/\/gabriellehola.com\/es\/privacidad\/"]}]},{"@type":"BreadcrumbList","@id":"https:\/\/gabriellehola.com\/es\/privacidad\/#breadcrumb","itemListElement":[{"@type":"ListItem","position":1,"name":"Home","item":"https:\/\/gabriellehola.com\/es\/"},{"@type":"ListItem","position":2,"name":"Privacidad"}]},{"@type":"WebSite","@id":"https:\/\/gabriellehola.com\/es\/#website","url":"https:\/\/gabriellehola.com\/es\/","name":"GABRIELLE HOLA","description":"","potentialAction":[{"@type":"SearchAction","target":{"@type":"EntryPoint","urlTemplate":"https:\/\/gabriellehola.com\/es\/?s={search_term_string}"},"query-input":"required name=search_term_string"}],"inLanguage":"es-ES"}]}},"_links":{"self":[{"href":"https:\/\/gabriellehola.com\/es\/wp-json\/wp\/v2\/pages\/1350"}],"collection":[{"href":"https:\/\/gabriellehola.com\/es\/wp-json\/wp\/v2\/pages"}],"about":[{"href":"https:\/\/gabriellehola.com\/es\/wp-json\/wp\/v2\/types\/page"}],"author":[{"embeddable":true,"href":"https:\/\/gabriellehola.com\/es\/wp-json\/wp\/v2\/users\/3"}],"replies":[{"embeddable":true,"href":"https:\/\/gabriellehola.com\/es\/wp-json\/wp\/v2\/comments?post=1350"}],"version-history":[{"count":3,"href":"https:\/\/gabriellehola.com\/es\/wp-json\/wp\/v2\/pages\/1350\/revisions"}],"predecessor-version":[{"id":2038,"href":"https:\/\/gabriellehola.com\/es\/wp-json\/wp\/v2\/pages\/1350\/revisions\/2038"}],"wp:attachment":[{"href":"https:\/\/gabriellehola.com\/es\/wp-json\/wp\/v2\/media?parent=1350"}],"curies":[{"name":"wp","href":"https:\/\/api.w.org\/{rel}","templated":true}]}}