{"id":1341,"date":"2020-06-11T21:17:25","date_gmt":"2020-06-11T19:17:25","guid":{"rendered":"https:\/\/gabriellehola.com\/nosotros\/"},"modified":"2025-07-01T23:15:08","modified_gmt":"2025-07-01T21:15:08","slug":"nosotros","status":"publish","type":"page","link":"https:\/\/gabriellehola.com\/es\/nosotros\/","title":{"rendered":"Acerca"},"content":{"rendered":"<p data-start=\"63\" data-end=\"138\">Gabrielle es una artista y dise\u00f1adora multidisciplinaria radicada en Barcelona.<\/p>\n<p><img decoding=\"async\" loading=\"lazy\" class=\"alignnone size-full wp-image-2294\" src=\"https:\/\/gabriellehola.com\/wp-content\/uploads\/2021\/01\/GABBY_6.jpg\" alt=\"\" width=\"1080\" height=\"1080\" srcset=\"https:\/\/gabriellehola.com\/wp-content\/uploads\/2021\/01\/GABBY_6.jpg 1080w, https:\/\/gabriellehola.com\/wp-content\/uploads\/2021\/01\/GABBY_6-300x300.jpg 300w, https:\/\/gabriellehola.com\/wp-content\/uploads\/2021\/01\/GABBY_6-1024x1024.jpg 1024w, https:\/\/gabriellehola.com\/wp-content\/uploads\/2021\/01\/GABBY_6-150x150.jpg 150w, https:\/\/gabriellehola.com\/wp-content\/uploads\/2021\/01\/GABBY_6-768x768.jpg 768w, https:\/\/gabriellehola.com\/wp-content\/uploads\/2021\/01\/GABBY_6-500x500.jpg 500w, https:\/\/gabriellehola.com\/wp-content\/uploads\/2021\/01\/GABBY_6-900x900.jpg 900w, https:\/\/gabriellehola.com\/wp-content\/uploads\/2021\/01\/GABBY_6-100x100.jpg 100w\" sizes=\"(max-width: 1080px) 100vw, 1080px\" \/><\/p>\n<p data-start=\"140\" data-end=\"405\">Despu\u00e9s de varios a\u00f1os trabajando en agencias creativas \u2014 desde estudios locales hasta la creaci\u00f3n de campa\u00f1as globales para marcas como Google, Coca-Cola, Netflix y LVMH \u2014 centr\u00f3 su trabajo en creaciones m\u00e1s personales y artesanales.<\/p>\n<p data-start=\"407\" data-end=\"642\">En 2020, lanz\u00f3 su propio estudio de dise\u00f1o, explorando mobiliario y objetos decorativos que combinan colores vibrantes con l\u00edneas geom\u00e9tricas limpias. Sus piezas invitan a experimentar la vida cotidiana a trav\u00e9s de una mirada l\u00fadica y expresiva.<\/p>\n<p><img decoding=\"async\" loading=\"lazy\" class=\"alignnone size-full wp-image-2310\" src=\"https:\/\/gabriellehola.com\/wp-content\/uploads\/2021\/01\/GABBY_9.jpg\" alt=\"\" width=\"1080\" height=\"1080\" srcset=\"https:\/\/gabriellehola.com\/wp-content\/uploads\/2021\/01\/GABBY_9.jpg 1080w, https:\/\/gabriellehola.com\/wp-content\/uploads\/2021\/01\/GABBY_9-300x300.jpg 300w, https:\/\/gabriellehola.com\/wp-content\/uploads\/2021\/01\/GABBY_9-1024x1024.jpg 1024w, https:\/\/gabriellehola.com\/wp-content\/uploads\/2021\/01\/GABBY_9-150x150.jpg 150w, https:\/\/gabriellehola.com\/wp-content\/uploads\/2021\/01\/GABBY_9-768x768.jpg 768w, https:\/\/gabriellehola.com\/wp-content\/uploads\/2021\/01\/GABBY_9-500x500.jpg 500w, https:\/\/gabriellehola.com\/wp-content\/uploads\/2021\/01\/GABBY_9-900x900.jpg 900w, https:\/\/gabriellehola.com\/wp-content\/uploads\/2021\/01\/GABBY_9-100x100.jpg 100w\" sizes=\"(max-width: 1080px) 100vw, 1080px\" \/><\/p>\n<p class=\"p1\">En 2024, abri\u00f3 <a href=\"https:\/\/www.instagram.com\/espaciotomatebcn\"><span class=\"s1\">Espacio Tomate<\/span><\/a>, un espacio creativo din\u00e1mico donde el dise\u00f1o, el arte, la fotograf\u00eda y la experimentaci\u00f3n diaria se unen.<\/p>\n<p class=\"p1\">En 2025, cofund\u00f3 <a href=\"http:\/\/tomatestudio.com\"><span class=\"s1\">Tomate Studio<\/span><\/a>, un estudio de dise\u00f1o enfocado en estrategia, branding y experiencia.<\/p>\n","protected":false},"excerpt":{"rendered":"<p>Gabrielle es una artista y dise\u00f1adora multidisciplinaria radicada en Barcelona. Despu\u00e9s de varios a\u00f1os trabajando en agencias creativas \u2014 desde estudios locales hasta la creaci\u00f3n de campa\u00f1as globales para marcas como Google, Coca-Cola, Netflix y LVMH \u2014 centr\u00f3 su trabajo en creaciones m\u00e1s personales y artesanales. En 2020, lanz\u00f3 su propio estudio de dise\u00f1o, explorando [&hellip;]<\/p>\n","protected":false},"author":3,"featured_media":2296,"parent":0,"menu_order":0,"comment_status":"closed","ping_status":"closed","template":"page-templates\/page_about.php","meta":{"footnotes":""},"acf":[],"yoast_head":"<!-- This site is optimized with the Yoast SEO plugin v21.2 - https:\/\/yoast.com\/wordpress\/plugins\/seo\/ -->\n<title>GABRIELLE HOLA &#8211; Somos un estudio de dise\u00f1o basado en Barcelona.<\/title>\n<meta name=\"description\" content=\"Nuestro trabajo se centra en el dise\u00f1o de mobiliario y menaje. Todos nuestros productos est\u00e1n hechos a mano en nuestro taller de Barcelona.\" \/>\n<meta name=\"robots\" content=\"index, follow, max-snippet:-1, max-image-preview:large, max-video-preview:-1\" \/>\n<link rel=\"canonical\" href=\"https:\/\/gabriellehola.com\/es\/nosotros\/\" \/>\n<meta property=\"og:locale\" content=\"es_ES\" \/>\n<meta property=\"og:type\" content=\"article\" \/>\n<meta property=\"og:title\" content=\"GABRIELLE HOLA &#8211; Somos un estudio de dise\u00f1o basado en Barcelona.\" \/>\n<meta property=\"og:description\" content=\"Nuestro trabajo se centra en el dise\u00f1o de mobiliario y menaje. Todos nuestros productos est\u00e1n hechos a mano en nuestro taller de Barcelona.\" \/>\n<meta property=\"og:url\" content=\"https:\/\/gabriellehola.com\/es\/nosotros\/\" \/>\n<meta property=\"og:site_name\" content=\"GABRIELLE HOLA\" \/>\n<meta property=\"article:publisher\" content=\"https:\/\/www.facebook.com\/holagabrielle\/\" \/>\n<meta property=\"article:modified_time\" content=\"2025-07-01T21:15:08+00:00\" \/>\n<meta property=\"og:image\" content=\"https:\/\/gabriellehola.com\/wp-content\/uploads\/2021\/01\/GABBY_6.jpg\" \/>\n\t<meta property=\"og:image:width\" content=\"1080\" \/>\n\t<meta property=\"og:image:height\" content=\"1080\" \/>\n\t<meta property=\"og:image:type\" content=\"image\/jpeg\" \/>\n<meta name=\"twitter:card\" content=\"summary_large_image\" \/>\n<meta name=\"twitter:label1\" content=\"Est. reading time\" \/>\n\t<meta name=\"twitter:data1\" content=\"1 minute\" \/>\n<script type=\"application\/ld+json\" class=\"yoast-schema-graph\">{\"@context\":\"https:\/\/schema.org\",\"@graph\":[{\"@type\":\"WebPage\",\"@id\":\"https:\/\/gabriellehola.com\/es\/nosotros\/\",\"url\":\"https:\/\/gabriellehola.com\/es\/nosotros\/\",\"name\":\"GABRIELLE HOLA &#8211; Somos un estudio de dise\u00f1o basado en Barcelona.\",\"isPartOf\":{\"@id\":\"https:\/\/gabriellehola.com\/es\/#website\"},\"datePublished\":\"2020-06-11T19:17:25+00:00\",\"dateModified\":\"2025-07-01T21:15:08+00:00\",\"description\":\"Nuestro trabajo se centra en el dise\u00f1o de mobiliario y menaje. Todos nuestros productos est\u00e1n hechos a mano en nuestro taller de Barcelona.\",\"breadcrumb\":{\"@id\":\"https:\/\/gabriellehola.com\/es\/nosotros\/#breadcrumb\"},\"inLanguage\":\"es-ES\",\"potentialAction\":[{\"@type\":\"ReadAction\",\"target\":[\"https:\/\/gabriellehola.com\/es\/nosotros\/\"]}]},{\"@type\":\"BreadcrumbList\",\"@id\":\"https:\/\/gabriellehola.com\/es\/nosotros\/#breadcrumb\",\"itemListElement\":[{\"@type\":\"ListItem\",\"position\":1,\"name\":\"Home\",\"item\":\"https:\/\/gabriellehola.com\/es\/\"},{\"@type\":\"ListItem\",\"position\":2,\"name\":\"Acerca\"}]},{\"@type\":\"WebSite\",\"@id\":\"https:\/\/gabriellehola.com\/es\/#website\",\"url\":\"https:\/\/gabriellehola.com\/es\/\",\"name\":\"GABRIELLE HOLA\",\"description\":\"\",\"potentialAction\":[{\"@type\":\"SearchAction\",\"target\":{\"@type\":\"EntryPoint\",\"urlTemplate\":\"https:\/\/gabriellehola.com\/es\/?s={search_term_string}\"},\"query-input\":\"required name=search_term_string\"}],\"inLanguage\":\"es-ES\"}]}<\/script>\n<!-- \/ Yoast SEO plugin. -->","yoast_head_json":{"title":"GABRIELLE HOLA &#8211; Somos un estudio de dise\u00f1o basado en Barcelona.","description":"Nuestro trabajo se centra en el dise\u00f1o de mobiliario y menaje. Todos nuestros productos est\u00e1n hechos a mano en nuestro taller de Barcelona.","robots":{"index":"index","follow":"follow","max-snippet":"max-snippet:-1","max-image-preview":"max-image-preview:large","max-video-preview":"max-video-preview:-1"},"canonical":"https:\/\/gabriellehola.com\/es\/nosotros\/","og_locale":"es_ES","og_type":"article","og_title":"GABRIELLE HOLA &#8211; Somos un estudio de dise\u00f1o basado en Barcelona.","og_description":"Nuestro trabajo se centra en el dise\u00f1o de mobiliario y menaje. Todos nuestros productos est\u00e1n hechos a mano en nuestro taller de Barcelona.","og_url":"https:\/\/gabriellehola.com\/es\/nosotros\/","og_site_name":"GABRIELLE HOLA","article_publisher":"https:\/\/www.facebook.com\/holagabrielle\/","article_modified_time":"2025-07-01T21:15:08+00:00","og_image":[{"width":1080,"height":1080,"url":"https:\/\/gabriellehola.com\/wp-content\/uploads\/2021\/01\/GABBY_6.jpg","type":"image\/jpeg"}],"twitter_card":"summary_large_image","twitter_misc":{"Est. reading time":"1 minute"},"schema":{"@context":"https:\/\/schema.org","@graph":[{"@type":"WebPage","@id":"https:\/\/gabriellehola.com\/es\/nosotros\/","url":"https:\/\/gabriellehola.com\/es\/nosotros\/","name":"GABRIELLE HOLA &#8211; Somos un estudio de dise\u00f1o basado en Barcelona.","isPartOf":{"@id":"https:\/\/gabriellehola.com\/es\/#website"},"datePublished":"2020-06-11T19:17:25+00:00","dateModified":"2025-07-01T21:15:08+00:00","description":"Nuestro trabajo se centra en el dise\u00f1o de mobiliario y menaje. Todos nuestros productos est\u00e1n hechos a mano en nuestro taller de Barcelona.","breadcrumb":{"@id":"https:\/\/gabriellehola.com\/es\/nosotros\/#breadcrumb"},"inLanguage":"es-ES","potentialAction":[{"@type":"ReadAction","target":["https:\/\/gabriellehola.com\/es\/nosotros\/"]}]},{"@type":"BreadcrumbList","@id":"https:\/\/gabriellehola.com\/es\/nosotros\/#breadcrumb","itemListElement":[{"@type":"ListItem","position":1,"name":"Home","item":"https:\/\/gabriellehola.com\/es\/"},{"@type":"ListItem","position":2,"name":"Acerca"}]},{"@type":"WebSite","@id":"https:\/\/gabriellehola.com\/es\/#website","url":"https:\/\/gabriellehola.com\/es\/","name":"GABRIELLE HOLA","description":"","potentialAction":[{"@type":"SearchAction","target":{"@type":"EntryPoint","urlTemplate":"https:\/\/gabriellehola.com\/es\/?s={search_term_string}"},"query-input":"required name=search_term_string"}],"inLanguage":"es-ES"}]}},"_links":{"self":[{"href":"https:\/\/gabriellehola.com\/es\/wp-json\/wp\/v2\/pages\/1341"}],"collection":[{"href":"https:\/\/gabriellehola.com\/es\/wp-json\/wp\/v2\/pages"}],"about":[{"href":"https:\/\/gabriellehola.com\/es\/wp-json\/wp\/v2\/types\/page"}],"author":[{"embeddable":true,"href":"https:\/\/gabriellehola.com\/es\/wp-json\/wp\/v2\/users\/3"}],"replies":[{"embeddable":true,"href":"https:\/\/gabriellehola.com\/es\/wp-json\/wp\/v2\/comments?post=1341"}],"version-history":[{"count":6,"href":"https:\/\/gabriellehola.com\/es\/wp-json\/wp\/v2\/pages\/1341\/revisions"}],"predecessor-version":[{"id":2761,"href":"https:\/\/gabriellehola.com\/es\/wp-json\/wp\/v2\/pages\/1341\/revisions\/2761"}],"wp:featuredmedia":[{"embeddable":true,"href":"https:\/\/gabriellehola.com\/es\/wp-json\/wp\/v2\/media\/2296"}],"wp:attachment":[{"href":"https:\/\/gabriellehola.com\/es\/wp-json\/wp\/v2\/media?parent=1341"}],"curies":[{"name":"wp","href":"https:\/\/api.w.org\/{rel}","templated":true}]}}